{"id":19,"date":"2023-10-05T10:16:19","date_gmt":"2023-10-05T10:16:19","guid":{"rendered":"https:\/\/r-dent.com.pl\/?page_id=19"},"modified":"2023-10-05T10:16:19","modified_gmt":"2023-10-05T10:16:19","slug":"rodzaje-aparatow-stalych","status":"publish","type":"page","link":"https:\/\/r-dent.com.pl\/?page_id=19","title":{"rendered":"Rodzaje aparat\u00f3w sta\u0142ych"},"content":{"rendered":"\n<ul>\n<li>metalowe &#8211; najcz\u0119\u015bciej stosowane dzielone s\u0105 na aparaty z zamkami tradycyjnymi i zamkami 'mini&#8217;, czyli mniejszymi od poprzednich (szczeg\u00f3lnie wskazanymi u os\u00f3b z ma\u0142ymi z\u0119bami)<\/li>\n\n\n\n<li>antyalergiczne (nie zawieraj\u0105 niklu) dla pacjent\u00f3w alergicznych, wykonane s\u0105 ze stop\u00f3w tytan\u00f3w przez co wykazuj\u0105 wysok\u0105 biokompatybilno\u015b\u0107<\/li>\n\n\n\n<li>estetyczne &#8211; ze wzgl\u0119du na przezierno\u015b\u0107 mo\u017cna je podzieli\u0107 na: ceramiczne, ceramiczno-kompozytowe, b\u0105d\u017a porcelanowe, kryszta\u0142owe, przeznaczone dla os\u00f3b pragn\u0105cych jak najbardziej zmniejszy\u0107 widoczno\u015b\u0107 aparatu<\/li>\n\n\n\n<li>metalowe (z zamkami samoligaturuj\u0105cymi), dost\u0119pne tak\u017ce w wersji przezroczystej, w aparacie tym nie stosuje si\u0119 ligatur, gdy\u017c \u0142uk utrzymywany jest w zamku za pomoc\u0105 specjalnej 'klapki&#8217;, kt\u00f3ra si\u0119 w nim znajduje, zamki mog\u0105 by\u0107 metalowe, jak i estetyczne, czas leczenia aparatem samoligaturuj\u0105cym jest cz\u0119sto kr\u00f3tszy ni\u017c aparatami standardowymi<\/li>\n\n\n\n<li>incognito (lingwalny, j\u0119zykowy) zamki do tego rodzaju aparatu wykonywane s\u0105 indywidualnie dla ka\u017cdego pacjenta w specjalistycznych laboratoriach, na podstawie wcze\u015bniej pobranego wycisku zamki wykonywane s\u0105 z\u0142ota z dodatkiem irydu i przyklejane do j\u0119zykowej powierzchni z\u0119b\u00f3w<\/li>\n<\/ul>\n\n\n\n<figure class=\"wp-block-image size-large\"><img loading=\"lazy\" decoding=\"async\" width=\"960\" height=\"661\" src=\"https:\/\/i0.wp.com\/r-dent.com.pl\/wp-content\/uploads\/2023\/10\/Aparaty-ortodontyczne.jpg?resize=960%2C661&#038;ssl=1\" alt=\"\" class=\"wp-image-20\" srcset=\"https:\/\/i0.wp.com\/r-dent.com.pl\/wp-content\/uploads\/2023\/10\/Aparaty-ortodontyczne.jpg?resize=1024%2C705&amp;ssl=1 1024w, https:\/\/i0.wp.com\/r-dent.com.pl\/wp-content\/uploads\/2023\/10\/Aparaty-ortodontyczne.jpg?resize=300%2C206&amp;ssl=1 300w, https:\/\/i0.wp.com\/r-dent.com.pl\/wp-content\/uploads\/2023\/10\/Aparaty-ortodontyczne.jpg?resize=768%2C528&amp;ssl=1 768w, https:\/\/i0.wp.com\/r-dent.com.pl\/wp-content\/uploads\/2023\/10\/Aparaty-ortodontyczne.jpg?resize=1536%2C1057&amp;ssl=1 1536w, https:\/\/i0.wp.com\/r-dent.com.pl\/wp-content\/uploads\/2023\/10\/Aparaty-ortodontyczne.jpg?resize=2048%2C1409&amp;ssl=1 2048w, https:\/\/i0.wp.com\/r-dent.com.pl\/wp-content\/uploads\/2023\/10\/Aparaty-ortodontyczne.jpg?w=1920&amp;ssl=1 1920w\" sizes=\"(max-width: 960px) 100vw, 960px\" data-recalc-dims=\"1\" \/><\/figure>\n\n\n\n<h3 class=\"wp-block-heading\">Budowa aparatu sta\u0142ego<\/h3>\n\n\n\n<ol>\n<li>Zamek aparatu sta\u0142ego na z\u0119by &#8211; jest on przyklejony na ca\u0142y okres leczenia ortodontycznego.<br>Zamki mog\u0105 by\u0107 metalowe tak\u017ce w wersji dla alergik\u00f3w lub kosmetyczne (bia\u0142e, kryszta\u0142owe).<\/li>\n\n\n\n<li>Ligatura ortodontyczna (elastyczna) &#8211; &nbsp;trzyma ona \u0142uk (drut) w zamkach.<br>Ligatury wymieniane s\u0105 przy ka\u017cdej wizycie, dost\u0119pne we wszystkich kolorach.&nbsp;<\/li>\n\n\n\n<li>\u0141uk ortodontyczny (drut) &#8211; &nbsp;Wymieniany kilka razy w trakcie leczenia. &nbsp;&nbsp;<\/li>\n<\/ol>\n\n\n\n<h3 class=\"wp-block-heading\">Aparaty ortodontyczne ruchome\u00a0<\/h3>\n\n\n\n<p>Aparaty ruchome, stosowane s\u0105 g\u0142\u00f3wnie u dzieci, mo\u017cna je samodzielnie umie\u015bci\u0107 i wyci\u0105gn\u0105\u0107 z jamy ustnej. Aparat jest planowany indywidualnie dla ka\u017cdego pacjenta, aby jak najefektywniej spe\u0142nia\u0142 zamierzone cele. U\u017cytkowanie aparatu przez mniej ni\u017c p\u00f3\u0142 doby ogranicza jego efektywno\u015b\u0107 (tzw. mikronawroty, kiedy aparat jest poza jam\u0105 ustn\u0105).<\/p>\n\n\n\n<p>Zmagasz si\u0119 z problemami ze zgryzem b\u0105d\u017a nie jeste\u015b pewien czy potrzebujesz<a href=\"https:\/\/www.stankowscybialach.pl\/uslugi\/aparat-ortodontyczny\/\"> aparatu ortodontycznego<\/a>?<a href=\"https:\/\/stomatologpoznan.prestigeclinic.pl\/kontakt\"> Skontaktuj si\u0119<\/a> ze <a href=\"https:\/\/www.stankowscybialach.pl\/zespol-ekspertow\/robert-bialach\/\">specjalist\u0105 z zakresu ortodoncji<\/a>\u00a0 z<a href=\"https:\/\/www.stankowscybialach.pl\/\"> kliniki stomatologicznej Stankowscy-Bia\u0142ach<\/a>! W ramach us\u0142ug<a href=\"https:\/\/www.stankowscybialach.pl\/uslugi\/ortodoncja\/\"> ortodoncja Pozna\u0144<\/a>, zadba on o stan Twojego uz\u0119bienia i przywr\u00f3ci mu pe\u0142n\u0105 funkcjonalno\u015b\u0107.<\/p>\n","protected":false},"excerpt":{"rendered":"<p>Budowa aparatu sta\u0142ego Aparaty ortodontyczne ruchome\u00a0 Aparaty ruchome, stosowane s\u0105 g\u0142\u00f3wnie u dzieci, mo\u017cna je samodzielnie umie\u015bci\u0107 i wyci\u0105gn\u0105\u0107 z jamy ustnej. Aparat jest planowany indywidualnie dla ka\u017cdego pacjenta, aby jak najefektywniej spe\u0142nia\u0142 zamierzone cele. U\u017cytkowanie aparatu przez mniej ni\u017c p\u00f3\u0142 doby ogranicza jego efektywno\u015b\u0107 (tzw. mikronawroty, kiedy aparat jest poza jam\u0105 ustn\u0105). Zmagasz si\u0119 z problemami ze zgryzem b\u0105d\u017a nie jeste\u015b pewien czy potrzebujesz aparatu ortodontycznego? Skontaktuj si\u0119 ze specjalist\u0105 z zakresu ortodoncji\u00a0 z kliniki stomatologicznej Stankowscy-Bia\u0142ach! W ramach us\u0142ug ortodoncja Pozna\u0144, zadba on o stan Twojego uz\u0119bienia i przywr\u00f3ci mu pe\u0142n\u0105 funkcjonalno\u015b\u0107.<\/p>\n","protected":false},"author":2,"featured_media":0,"parent":0,"menu_order":0,"comment_status":"closed","ping_status":"closed","template":"","meta":{"footnotes":""},"yoast_head":"<!-- This site is optimized with the Yoast SEO plugin v21.3 - https:\/\/yoast.com\/wordpress\/plugins\/seo\/ -->\n<title>Rodzaje aparat\u00f3w sta\u0142ych - R Dent<\/title>\n<meta name=\"robots\" content=\"index, follow, max-snippet:-1, max-image-preview:large, max-video-preview:-1\" \/>\n<link rel=\"canonical\" href=\"https:\/\/r-dent.com.pl\/?page_id=19\" \/>\n<meta property=\"og:locale\" content=\"pl_PL\" \/>\n<meta property=\"og:type\" content=\"article\" \/>\n<meta property=\"og:title\" content=\"Rodzaje aparat\u00f3w sta\u0142ych - R Dent\" \/>\n<meta property=\"og:description\" content=\"Budowa aparatu sta\u0142ego Aparaty ortodontyczne ruchome\u00a0 Aparaty ruchome, stosowane s\u0105 g\u0142\u00f3wnie u dzieci, mo\u017cna je samodzielnie umie\u015bci\u0107 i wyci\u0105gn\u0105\u0107 z jamy ustnej. Aparat jest planowany indywidualnie dla ka\u017cdego pacjenta, aby jak najefektywniej spe\u0142nia\u0142 zamierzone cele. U\u017cytkowanie aparatu przez mniej ni\u017c p\u00f3\u0142 doby ogranicza jego efektywno\u015b\u0107 (tzw. mikronawroty, kiedy aparat jest poza jam\u0105 ustn\u0105). Zmagasz si\u0119 z problemami ze zgryzem b\u0105d\u017a nie jeste\u015b pewien czy potrzebujesz aparatu ortodontycznego? Skontaktuj si\u0119 ze specjalist\u0105 z zakresu ortodoncji\u00a0 z kliniki stomatologicznej Stankowscy-Bia\u0142ach! W ramach us\u0142ug ortodoncja Pozna\u0144, zadba on o stan Twojego uz\u0119bienia i przywr\u00f3ci mu pe\u0142n\u0105 funkcjonalno\u015b\u0107.\" \/>\n<meta property=\"og:url\" content=\"https:\/\/r-dent.com.pl\/?page_id=19\" \/>\n<meta property=\"og:site_name\" content=\"R Dent\" \/>\n<meta property=\"og:image\" content=\"https:\/\/r-dent.com.pl\/wp-content\/uploads\/2023\/10\/Aparaty-ortodontyczne-1024x705.jpg\" \/>\n<meta name=\"twitter:card\" content=\"summary_large_image\" \/>\n<meta name=\"twitter:label1\" content=\"Szacowany czas czytania\" \/>\n\t<meta name=\"twitter:data1\" content=\"2 minuty\" \/>\n<script type=\"application\/ld+json\" class=\"yoast-schema-graph\">{\"@context\":\"https:\/\/schema.org\",\"@graph\":[{\"@type\":\"WebPage\",\"@id\":\"https:\/\/r-dent.com.pl\/?page_id=19\",\"url\":\"https:\/\/r-dent.com.pl\/?page_id=19\",\"name\":\"Rodzaje aparat\u00f3w sta\u0142ych - R Dent\",\"isPartOf\":{\"@id\":\"https:\/\/r-dent.com.pl\/#website\"},\"datePublished\":\"2023-10-05T10:16:19+00:00\",\"dateModified\":\"2023-10-05T10:16:19+00:00\",\"breadcrumb\":{\"@id\":\"https:\/\/r-dent.com.pl\/?page_id=19#breadcrumb\"},\"inLanguage\":\"pl-PL\",\"potentialAction\":[{\"@type\":\"ReadAction\",\"target\":[\"https:\/\/r-dent.com.pl\/?page_id=19\"]}]},{\"@type\":\"BreadcrumbList\",\"@id\":\"https:\/\/r-dent.com.pl\/?page_id=19#breadcrumb\",\"itemListElement\":[{\"@type\":\"ListItem\",\"position\":1,\"name\":\"Strona g\u0142\u00f3wna\",\"item\":\"https:\/\/r-dent.com.pl\/\"},{\"@type\":\"ListItem\",\"position\":2,\"name\":\"Rodzaje aparat\u00f3w sta\u0142ych\"}]},{\"@type\":\"WebSite\",\"@id\":\"https:\/\/r-dent.com.pl\/#website\",\"url\":\"https:\/\/r-dent.com.pl\/\",\"name\":\"R Dent\",\"description\":\"W trosce o zdrowie Twojej jamy ustnej!\",\"potentialAction\":[{\"@type\":\"SearchAction\",\"target\":{\"@type\":\"EntryPoint\",\"urlTemplate\":\"https:\/\/r-dent.com.pl\/?s={search_term_string}\"},\"query-input\":\"required name=search_term_string\"}],\"inLanguage\":\"pl-PL\"}]}<\/script>\n<!-- \/ Yoast SEO plugin. -->","yoast_head_json":{"title":"Rodzaje aparat\u00f3w sta\u0142ych - R Dent","robots":{"index":"index","follow":"follow","max-snippet":"max-snippet:-1","max-image-preview":"max-image-preview:large","max-video-preview":"max-video-preview:-1"},"canonical":"https:\/\/r-dent.com.pl\/?page_id=19","og_locale":"pl_PL","og_type":"article","og_title":"Rodzaje aparat\u00f3w sta\u0142ych - R Dent","og_description":"Budowa aparatu sta\u0142ego Aparaty ortodontyczne ruchome\u00a0 Aparaty ruchome, stosowane s\u0105 g\u0142\u00f3wnie u dzieci, mo\u017cna je samodzielnie umie\u015bci\u0107 i wyci\u0105gn\u0105\u0107 z jamy ustnej. Aparat jest planowany indywidualnie dla ka\u017cdego pacjenta, aby jak najefektywniej spe\u0142nia\u0142 zamierzone cele. U\u017cytkowanie aparatu przez mniej ni\u017c p\u00f3\u0142 doby ogranicza jego efektywno\u015b\u0107 (tzw. mikronawroty, kiedy aparat jest poza jam\u0105 ustn\u0105). Zmagasz si\u0119 z problemami ze zgryzem b\u0105d\u017a nie jeste\u015b pewien czy potrzebujesz aparatu ortodontycznego? Skontaktuj si\u0119 ze specjalist\u0105 z zakresu ortodoncji\u00a0 z kliniki stomatologicznej Stankowscy-Bia\u0142ach! W ramach us\u0142ug ortodoncja Pozna\u0144, zadba on o stan Twojego uz\u0119bienia i przywr\u00f3ci mu pe\u0142n\u0105 funkcjonalno\u015b\u0107.","og_url":"https:\/\/r-dent.com.pl\/?page_id=19","og_site_name":"R Dent","og_image":[{"url":"https:\/\/r-dent.com.pl\/wp-content\/uploads\/2023\/10\/Aparaty-ortodontyczne-1024x705.jpg"}],"twitter_card":"summary_large_image","twitter_misc":{"Szacowany czas czytania":"2 minuty"},"schema":{"@context":"https:\/\/schema.org","@graph":[{"@type":"WebPage","@id":"https:\/\/r-dent.com.pl\/?page_id=19","url":"https:\/\/r-dent.com.pl\/?page_id=19","name":"Rodzaje aparat\u00f3w sta\u0142ych - R Dent","isPartOf":{"@id":"https:\/\/r-dent.com.pl\/#website"},"datePublished":"2023-10-05T10:16:19+00:00","dateModified":"2023-10-05T10:16:19+00:00","breadcrumb":{"@id":"https:\/\/r-dent.com.pl\/?page_id=19#breadcrumb"},"inLanguage":"pl-PL","potentialAction":[{"@type":"ReadAction","target":["https:\/\/r-dent.com.pl\/?page_id=19"]}]},{"@type":"BreadcrumbList","@id":"https:\/\/r-dent.com.pl\/?page_id=19#breadcrumb","itemListElement":[{"@type":"ListItem","position":1,"name":"Strona g\u0142\u00f3wna","item":"https:\/\/r-dent.com.pl\/"},{"@type":"ListItem","position":2,"name":"Rodzaje aparat\u00f3w sta\u0142ych"}]},{"@type":"WebSite","@id":"https:\/\/r-dent.com.pl\/#website","url":"https:\/\/r-dent.com.pl\/","name":"R Dent","description":"W trosce o zdrowie Twojej jamy ustnej!","potentialAction":[{"@type":"SearchAction","target":{"@type":"EntryPoint","urlTemplate":"https:\/\/r-dent.com.pl\/?s={search_term_string}"},"query-input":"required name=search_term_string"}],"inLanguage":"pl-PL"}]}},"jetpack_sharing_enabled":true,"jetpack-related-posts":[{"id":13,"url":"https:\/\/r-dent.com.pl\/?page_id=13","url_meta":{"origin":19,"position":0},"title":"Ortodoncja","author":"Renata Kowalska","date":"5 pa\u017adziernika, 2023","format":false,"excerpt":"Leczenie ortodontyczne ma na celu popraw\u0119 estetyki, ale tak\u017ce jego zadaniem jest\u00a0usuni\u0119cie\u00a0powa\u017cnych konsekwencji wad zgryzu, takich jak: zaburzenia staw\u00f3w skroniowo-\u017cuchwowych, ods\u0142anianie si\u0119 szyjek z\u0119b\u00f3w,\u00a0 pr\u00f3chnica powstaj\u0105ca w wyniku gromadzenia si\u0119 p\u0142ytki naz\u0119bnej wok\u00f3\u0142 st\u0142oczonych z\u0119b\u00f3w, nieprawid\u0142owa wymowa. Obecnie dost\u0119pnych jest wiele rodzaj\u00f3w aparat\u00f3w ortodontycznych, ale og\u00f3lnie m\u00f3wi\u0105c dzieli si\u0119 je\u2026","rel":"","context":"Similar post","block_context":{"text":"Similar post","link":""},"img":{"alt_text":"","src":"https:\/\/i0.wp.com\/r-dent.com.pl\/wp-content\/uploads\/2023\/10\/aparat-ortodontyczny.jpg?resize=350%2C200&ssl=1","width":350,"height":200,"srcset":"https:\/\/i0.wp.com\/r-dent.com.pl\/wp-content\/uploads\/2023\/10\/aparat-ortodontyczny.jpg?resize=350%2C200&ssl=1 1x, https:\/\/i0.wp.com\/r-dent.com.pl\/wp-content\/uploads\/2023\/10\/aparat-ortodontyczny.jpg?resize=525%2C300&ssl=1 1.5x, https:\/\/i0.wp.com\/r-dent.com.pl\/wp-content\/uploads\/2023\/10\/aparat-ortodontyczny.jpg?resize=700%2C400&ssl=1 2x"},"classes":[]},{"id":33,"url":"https:\/\/r-dent.com.pl\/","url_meta":{"origin":19,"position":1},"title":"Klinika Stomatologiczna Stankowscy-Bia\u0142ach","author":"Renata Kowalska","date":"5 pa\u017adziernika, 2023","format":false,"excerpt":"W klinice Stankowscy-Bia\u0142ach dbamy o zdrowie i estetyk\u0119 Twojego u\u015bmiechu. Nasz zesp\u00f3\u0142 do\u015bwiadczonych specjalist\u00f3w w po\u0142\u0105czeniu z nowoczesnymi technologiami zapewnia kompleksow\u0105 opiek\u0119 stomatologiczn\u0105 na najwy\u017cszym poziomie. Dlaczego My? Nasza misja - zdrowy u\u015bmiech na lata! Stawiamy na kompleksowe podej\u015bcie do Twojego zdrowia jamy ustnej. Nasz\u0105 misj\u0105 jest: Zdrowie i uroda\u2026","rel":"","context":"Similar post","block_context":{"text":"Similar post","link":""},"img":{"alt_text":"","src":"https:\/\/i0.wp.com\/r-dent.com.pl\/wp-content\/uploads\/2023\/10\/usmiech-i-zeby.jpg?resize=350%2C200&ssl=1","width":350,"height":200,"srcset":"https:\/\/i0.wp.com\/r-dent.com.pl\/wp-content\/uploads\/2023\/10\/usmiech-i-zeby.jpg?resize=350%2C200&ssl=1 1x, https:\/\/i0.wp.com\/r-dent.com.pl\/wp-content\/uploads\/2023\/10\/usmiech-i-zeby.jpg?resize=525%2C300&ssl=1 1.5x, https:\/\/i0.wp.com\/r-dent.com.pl\/wp-content\/uploads\/2023\/10\/usmiech-i-zeby.jpg?resize=700%2C400&ssl=1 2x"},"classes":[]},{"id":27,"url":"https:\/\/r-dent.com.pl\/?page_id=27","url_meta":{"origin":19,"position":2},"title":"Stomatologia estetyczna","author":"Renata Kowalska","date":"5 pa\u017adziernika, 2023","format":false,"excerpt":"Czasami, aby odzyska\u0107 pi\u0119kny u\u015bmiech, wystarczy\u00a0wyleczy\u0107 ubytki pr\u00f3chnicowe\u00a0widoczne na z\u0119bach lub\u00a0wymieni\u0107 istniej\u0105ce nieestetyczne wype\u0142nienia. Niestety jednak przyjemno\u015bci takie jak kawa, herbata, palenie papieros\u00f3w, wino czy te\u017c potrawy o intensywnym zabarwieniu d\u0142ugo spo\u017cywane powoduj\u0105 znaczne zmiany w odcieniu Naszego uz\u0119bienia.\u00a0Wtedy z pomoc\u0105 spieszy stomatologia estetyczna.\u00a0W gabinecie mo\u017cemy skorzysta\u0107 z nast\u0119puj\u0105cych zabieg\u00f3w\u2026","rel":"","context":"Similar post","block_context":{"text":"Similar post","link":""},"img":{"alt_text":"","src":"","width":0,"height":0},"classes":[]},{"id":22,"url":"https:\/\/r-dent.com.pl\/?page_id=22","url_meta":{"origin":19,"position":3},"title":"\u015aCI\u0104GANIE Z\u0118B\u00d3W ZATRZYMANYCH","author":"Renata Kowalska","date":"5 pa\u017adziernika, 2023","format":false,"excerpt":"Jest to element leczenia chirurgiczno-ortodontycznego, obejmuje\u00a0operacyjne ods\u0142oni\u0119cie z\u0119ba niewyrzni\u0119tego lub z\u0119ba zatrzymanego\u00a0oraz umieszczenie na powierzchni elementu ortodontycznego,\u00a0czego efektem jest prawid\u0142owe ustawienie z\u0119ba w zgryzie. Istnieje wiele metod chirurgicznych pozwalaj\u0105cych dotrze\u0107 do z\u0119ba w zale\u017cno\u015bci od jego wargowego lub podniebiennego po\u0142o\u017cenia wzgl\u0119dem s\u0105siednich z\u0119b\u00f3w. Jedn\u0105 z pierwszych i najprostszych, stosowanych przy\u2026","rel":"","context":"Similar post","block_context":{"text":"Similar post","link":""},"img":{"alt_text":"","src":"https:\/\/i0.wp.com\/r-dent.com.pl\/wp-content\/uploads\/2023\/10\/aparat-ortodontyczny-twin-block.jpg?resize=350%2C200&ssl=1","width":350,"height":200,"srcset":"https:\/\/i0.wp.com\/r-dent.com.pl\/wp-content\/uploads\/2023\/10\/aparat-ortodontyczny-twin-block.jpg?resize=350%2C200&ssl=1 1x, https:\/\/i0.wp.com\/r-dent.com.pl\/wp-content\/uploads\/2023\/10\/aparat-ortodontyczny-twin-block.jpg?resize=525%2C300&ssl=1 1.5x, https:\/\/i0.wp.com\/r-dent.com.pl\/wp-content\/uploads\/2023\/10\/aparat-ortodontyczny-twin-block.jpg?resize=700%2C400&ssl=1 2x, https:\/\/i0.wp.com\/r-dent.com.pl\/wp-content\/uploads\/2023\/10\/aparat-ortodontyczny-twin-block.jpg?resize=1050%2C600&ssl=1 3x"},"classes":[]},{"id":16,"url":"https:\/\/r-dent.com.pl\/?page_id=16","url_meta":{"origin":19,"position":4},"title":"PRZYGOTOWANIE POD LECZENIE PROTETYCZNE (Westibuloplastyka)","author":"Renata Kowalska","date":"5 pa\u017adziernika, 2023","format":false,"excerpt":"Westibuloplastyka, czyli\u00a0zabiegi plastyki przedsionka jamy ustnej, stosowane tak\u017ce jako post\u0119powanie chirurgiczne, kt\u00f3rego celem jest przygotowanie jamy ustnej pod leczenie protetyczne.Dzi\u0119ki odpowiedniemu chirurgicznemu ukszta\u0142towaniu tkanek zyskuje si\u0119: wi\u0119cej miejsca na protezy, lepsze umocowanie uzupe\u0142nienia w jamie ustnej, lepsze warunki do bardziej efektywnego wykorzystania funkcjonalno\u015bci protezy. W zale\u017cno\u015bci od tego, jakie warunki\u2026","rel":"","context":"Similar post","block_context":{"text":"Similar post","link":""},"img":{"alt_text":"","src":"https:\/\/i0.wp.com\/r-dent.com.pl\/wp-content\/uploads\/2023\/10\/protetyka-1.jpeg?resize=350%2C200&ssl=1","width":350,"height":200,"srcset":"https:\/\/i0.wp.com\/r-dent.com.pl\/wp-content\/uploads\/2023\/10\/protetyka-1.jpeg?resize=350%2C200&ssl=1 1x, https:\/\/i0.wp.com\/r-dent.com.pl\/wp-content\/uploads\/2023\/10\/protetyka-1.jpeg?resize=525%2C300&ssl=1 1.5x, https:\/\/i0.wp.com\/r-dent.com.pl\/wp-content\/uploads\/2023\/10\/protetyka-1.jpeg?resize=700%2C400&ssl=1 2x"},"classes":[]},{"id":25,"url":"https:\/\/r-dent.com.pl\/?page_id=25","url_meta":{"origin":19,"position":5},"title":"Stomatologia","author":"Renata Kowalska","date":"5 pa\u017adziernika, 2023","format":false,"excerpt":"Nasza Poradnia Stomatologiczna zapewnia kompleksowy zakres us\u0142ug stomatologicznych, dbaj\u0105c przy tym o komfort wykonywanych zabieg\u00f3w.Prowadzimy ca\u0142kowite leczenie stomatologiczne dzieci, m\u0142odzie\u017cy jak i doros\u0142ych. Profilaktyka indywidualna konsultacja usuwanie osadu i kamienia skalerem ultrad\u017awi\u0119kowym piaskowanie i fluoryzacja z\u0119b\u00f3w instrukta\u017c higieny jamy ustnej ozonoterapia (leczenie ozonem) leczenie aft ozonem Chirurgia stomatologiczna usuni\u0119cia chirurgiczne\u2026","rel":"","context":"Similar post","block_context":{"text":"Similar post","link":""},"img":{"alt_text":"","src":"","width":0,"height":0},"classes":[]}],"_links":{"self":[{"href":"https:\/\/r-dent.com.pl\/index.php?rest_route=\/wp\/v2\/pages\/19"}],"collection":[{"href":"https:\/\/r-dent.com.pl\/index.php?rest_route=\/wp\/v2\/pages"}],"about":[{"href":"https:\/\/r-dent.com.pl\/index.php?rest_route=\/wp\/v2\/types\/page"}],"author":[{"embeddable":true,"href":"https:\/\/r-dent.com.pl\/index.php?rest_route=\/wp\/v2\/users\/2"}],"replies":[{"embeddable":true,"href":"https:\/\/r-dent.com.pl\/index.php?rest_route=%2Fwp%2Fv2%2Fcomments&post=19"}],"version-history":[{"count":1,"href":"https:\/\/r-dent.com.pl\/index.php?rest_route=\/wp\/v2\/pages\/19\/revisions"}],"predecessor-version":[{"id":21,"href":"https:\/\/r-dent.com.pl\/index.php?rest_route=\/wp\/v2\/pages\/19\/revisions\/21"}],"wp:attachment":[{"href":"https:\/\/r-dent.com.pl\/index.php?rest_route=%2Fwp%2Fv2%2Fmedia&parent=19"}],"curies":[{"name":"wp","href":"https:\/\/api.w.org\/{rel}","templated":true}]}}