{"id":16,"date":"2023-10-05T10:13:43","date_gmt":"2023-10-05T10:13:43","guid":{"rendered":"https:\/\/r-dent.com.pl\/?page_id=16"},"modified":"2023-10-05T10:13:43","modified_gmt":"2023-10-05T10:13:43","slug":"przygotowanie-pod-leczenie-protetyczne-westibuloplastyka","status":"publish","type":"page","link":"https:\/\/r-dent.com.pl\/?page_id=16","title":{"rendered":"PRZYGOTOWANIE POD LECZENIE PROTETYCZNE (Westibuloplastyka)"},"content":{"rendered":"\n<p>Westibuloplastyka, czyli\u00a0<strong>zabiegi plastyki przedsionka jamy ustnej<\/strong>, stosowane tak\u017ce jako post\u0119powanie chirurgiczne, kt\u00f3rego celem jest przygotowanie jamy ustnej pod <a href=\"https:\/\/www.stankowscybialach.pl\/uslugi\/protetyka\/\">leczenie protetyczne<\/a>.<br>Dzi\u0119ki odpowiedniemu chirurgicznemu ukszta\u0142towaniu tkanek zyskuje si\u0119:<\/p>\n\n\n\n<ul>\n<li><strong>wi\u0119cej miejsca na protezy,<\/strong><\/li>\n\n\n\n<li><strong>lepsze umocowanie uzupe\u0142nienia w jamie ustnej,<\/strong><\/li>\n\n\n\n<li><strong>lepsze warunki do bardziej efektywnego wykorzystania funkcjonalno\u015bci protezy.<\/strong><\/li>\n<\/ul>\n\n\n\n<p>W zale\u017cno\u015bci od tego, jakie warunki panuj\u0105 w jamie ustnej pacjenta, wykonywane s\u0105 r\u00f3\u017cne rodzaje zabieg\u00f3w zaliczanych do westibuloplastyki. Nawisaj\u0105ca b\u0142ona \u015bluzowa mo\u017ce by\u0107 przemieszczana tak, by uzyska\u0107 pog\u0142\u0119bienie dna jamy ustnej lub rowka przedsionkowego (czyli przestrzeni zawartej pomi\u0119dzy wewn\u0119trznymi powierzchniami warg i policzk\u00f3w oraz zewn\u0119trznymi powierzchniami z\u0119b\u00f3w i dzi\u0105se\u0142 g\u00f3rnych i dolnych). By unikn\u0105\u0107 procesu, w kt\u00f3rym pog\u0142\u0119biony w ten spos\u00f3b rowek ulega na powr\u00f3t sp\u0142yceniu, stosuje si\u0119 r\u00f3\u017cne zapobiegawcze metody, w tym pogrubienie pobrze\u017ca dotychczas stosowanej protezy.<\/p>\n\n\n<div class=\"wp-block-image\">\n<figure class=\"aligncenter size-full\"><img loading=\"lazy\" decoding=\"async\" width=\"960\" height=\"639\" src=\"https:\/\/i0.wp.com\/r-dent.com.pl\/wp-content\/uploads\/2023\/10\/protetyka-1.jpeg?resize=960%2C639&#038;ssl=1\" alt=\"\" class=\"wp-image-17\" srcset=\"https:\/\/i0.wp.com\/r-dent.com.pl\/wp-content\/uploads\/2023\/10\/protetyka-1.jpeg?w=1024&amp;ssl=1 1024w, https:\/\/i0.wp.com\/r-dent.com.pl\/wp-content\/uploads\/2023\/10\/protetyka-1.jpeg?resize=300%2C200&amp;ssl=1 300w, https:\/\/i0.wp.com\/r-dent.com.pl\/wp-content\/uploads\/2023\/10\/protetyka-1.jpeg?resize=768%2C512&amp;ssl=1 768w\" sizes=\"(max-width: 960px) 100vw, 960px\" data-recalc-dims=\"1\" \/><\/figure><\/div>\n\n\n<p>P\u0142at b\u0142ony \u015bluzowej w zabiegu westibuloplastyki mo\u017ce te\u017c by\u0107 przemieszczony w ten spos\u00f3b r\u00f3wnie\u017c uzyskuje si\u0119 pog\u0142\u0119bienie rowka przedsionkowego &#8211; po to,&nbsp;<strong>by proteza pewniej i stabilniej trzyma\u0142a si\u0119 w jamie ustnej.<\/strong><\/p>\n\n\n\n<p>W celu poprawy warunk\u00f3w panuj\u0105cych w jamie ustnej<strong>\u00a0stosuje si\u0119 te\u017c przeszczepy \u015bluz\u00f3wkowe lub sk\u00f3rne<\/strong>, kt\u00f3re przyszywa si\u0119 do ods\u0142oni\u0119tej uprzednio okostnej oraz do wolnego p\u0142ata \u015bluz\u00f3wki, uzyskuj\u0105c w ten spos\u00f3b pog\u0142\u0119bienie rowka przedsionkowego jamy ustnej.<\/p>\n\n\n\n<p><strong>Marzysz o nowym, pi\u0119knym u\u015bmiechu? Doskona\u0142ym rozwi\u0105zaniem b\u0119dzie<\/strong><a href=\"https:\/\/www.stankowscybialach.pl\/uslugi\/odbudowa-zebow\/\"><strong> odbudowa z\u0119b\u00f3w<\/strong><\/a><strong> <\/strong><strong>przy pomocy us\u0142ugi <\/strong><a href=\"https:\/\/www.stankowscybialach.pl\/uslugi\/protetyka\/\"><strong>proteza Pozna\u0144<\/strong><\/a><strong> oraz <\/strong><a href=\"https:\/\/www.stankowscybialach.pl\/uslugi\/implanty-zebow\/\"><strong>implanty Pozna\u0144<\/strong><\/a><strong>. Wykwalifikowani specjali\u015bci z <\/strong><a href=\"https:\/\/www.stankowscybialach.pl\/\"><strong>kliniki stomatologicznej Stankowscy-Bia\u0142ach<\/strong><\/a><strong> <\/strong><strong>wykonaj\u0105 j\u0105 dla Ciebie!\u00a0<\/strong><\/p>\n\n","protected":false},"excerpt":{"rendered":"<p>Westibuloplastyka, czyli\u00a0zabiegi plastyki przedsionka jamy ustnej, stosowane tak\u017ce jako post\u0119powanie chirurgiczne, kt\u00f3rego celem jest przygotowanie jamy ustnej pod leczenie protetyczne.Dzi\u0119ki odpowiedniemu chirurgicznemu ukszta\u0142towaniu tkanek zyskuje si\u0119: W zale\u017cno\u015bci od tego, jakie warunki panuj\u0105 w jamie ustnej pacjenta, wykonywane s\u0105 r\u00f3\u017cne rodzaje zabieg\u00f3w zaliczanych do westibuloplastyki. Nawisaj\u0105ca b\u0142ona \u015bluzowa mo\u017ce by\u0107 przemieszczana tak, by uzyska\u0107 pog\u0142\u0119bienie dna jamy ustnej lub rowka przedsionkowego (czyli przestrzeni zawartej pomi\u0119dzy wewn\u0119trznymi powierzchniami warg i policzk\u00f3w oraz zewn\u0119trznymi powierzchniami z\u0119b\u00f3w i dzi\u0105se\u0142 g\u00f3rnych i dolnych). By unikn\u0105\u0107 procesu, w kt\u00f3rym pog\u0142\u0119biony w ten spos\u00f3b rowek ulega na powr\u00f3t sp\u0142yceniu, stosuje si\u0119 r\u00f3\u017cne zapobiegawcze metody, w tym pogrubienie pobrze\u017ca dotychczas stosowanej protezy. P\u0142at b\u0142ony \u015bluzowej w zabiegu westibuloplastyki mo\u017ce te\u017c by\u0107 przemieszczony w ten spos\u00f3b r\u00f3wnie\u017c uzyskuje si\u0119 pog\u0142\u0119bienie rowka przedsionkowego &#8211; po to,&nbsp;by proteza pewniej i stabilniej trzyma\u0142a si\u0119 w jamie ustnej. W celu poprawy warunk\u00f3w panuj\u0105cych w jamie ustnej\u00a0stosuje si\u0119 te\u017c przeszczepy \u015bluz\u00f3wkowe lub sk\u00f3rne, kt\u00f3re przyszywa si\u0119 do ods\u0142oni\u0119tej uprzednio okostnej oraz do wolnego p\u0142ata \u015bluz\u00f3wki, uzyskuj\u0105c w ten spos\u00f3b pog\u0142\u0119bienie rowka przedsionkowego jamy ustnej.<\/p>\n","protected":false},"author":2,"featured_media":0,"parent":0,"menu_order":0,"comment_status":"closed","ping_status":"closed","template":"","meta":{"footnotes":""},"yoast_head":"<!-- This site is optimized with the Yoast SEO plugin v21.3 - https:\/\/yoast.com\/wordpress\/plugins\/seo\/ -->\n<title>PRZYGOTOWANIE POD LECZENIE PROTETYCZNE (Westibuloplastyka) - R Dent<\/title>\n<meta name=\"robots\" content=\"index, follow, max-snippet:-1, max-image-preview:large, max-video-preview:-1\" \/>\n<link rel=\"canonical\" href=\"https:\/\/r-dent.com.pl\/?page_id=16\" \/>\n<meta property=\"og:locale\" content=\"pl_PL\" \/>\n<meta property=\"og:type\" content=\"article\" \/>\n<meta property=\"og:title\" content=\"PRZYGOTOWANIE POD LECZENIE PROTETYCZNE (Westibuloplastyka) - R Dent\" \/>\n<meta property=\"og:description\" content=\"Westibuloplastyka, czyli\u00a0zabiegi plastyki przedsionka jamy ustnej, stosowane tak\u017ce jako post\u0119powanie chirurgiczne, kt\u00f3rego celem jest przygotowanie jamy ustnej pod leczenie protetyczne.Dzi\u0119ki odpowiedniemu chirurgicznemu ukszta\u0142towaniu tkanek zyskuje si\u0119: W zale\u017cno\u015bci od tego, jakie warunki panuj\u0105 w jamie ustnej pacjenta, wykonywane s\u0105 r\u00f3\u017cne rodzaje zabieg\u00f3w zaliczanych do westibuloplastyki. Nawisaj\u0105ca b\u0142ona \u015bluzowa mo\u017ce by\u0107 przemieszczana tak, by uzyska\u0107 pog\u0142\u0119bienie dna jamy ustnej lub rowka przedsionkowego (czyli przestrzeni zawartej pomi\u0119dzy wewn\u0119trznymi powierzchniami warg i policzk\u00f3w oraz zewn\u0119trznymi powierzchniami z\u0119b\u00f3w i dzi\u0105se\u0142 g\u00f3rnych i dolnych). By unikn\u0105\u0107 procesu, w kt\u00f3rym pog\u0142\u0119biony w ten spos\u00f3b rowek ulega na powr\u00f3t sp\u0142yceniu, stosuje si\u0119 r\u00f3\u017cne zapobiegawcze metody, w tym pogrubienie pobrze\u017ca dotychczas stosowanej protezy. P\u0142at b\u0142ony \u015bluzowej w zabiegu westibuloplastyki mo\u017ce te\u017c by\u0107 przemieszczony w ten spos\u00f3b r\u00f3wnie\u017c uzyskuje si\u0119 pog\u0142\u0119bienie rowka przedsionkowego &#8211; po to,&nbsp;by proteza pewniej i stabilniej trzyma\u0142a si\u0119 w jamie ustnej. W celu poprawy warunk\u00f3w panuj\u0105cych w jamie ustnej\u00a0stosuje si\u0119 te\u017c przeszczepy \u015bluz\u00f3wkowe lub sk\u00f3rne, kt\u00f3re przyszywa si\u0119 do ods\u0142oni\u0119tej uprzednio okostnej oraz do wolnego p\u0142ata \u015bluz\u00f3wki, uzyskuj\u0105c w ten spos\u00f3b pog\u0142\u0119bienie rowka przedsionkowego jamy ustnej.\" \/>\n<meta property=\"og:url\" content=\"https:\/\/r-dent.com.pl\/?page_id=16\" \/>\n<meta property=\"og:site_name\" content=\"R Dent\" \/>\n<meta property=\"og:image\" content=\"https:\/\/r-dent.com.pl\/wp-content\/uploads\/2023\/10\/protetyka-1.jpeg\" \/>\n<meta name=\"twitter:card\" content=\"summary_large_image\" \/>\n<meta name=\"twitter:label1\" content=\"Szacowany czas czytania\" \/>\n\t<meta name=\"twitter:data1\" content=\"2 minuty\" \/>\n<script type=\"application\/ld+json\" class=\"yoast-schema-graph\">{\"@context\":\"https:\/\/schema.org\",\"@graph\":[{\"@type\":\"WebPage\",\"@id\":\"https:\/\/r-dent.com.pl\/?page_id=16\",\"url\":\"https:\/\/r-dent.com.pl\/?page_id=16\",\"name\":\"PRZYGOTOWANIE POD LECZENIE PROTETYCZNE (Westibuloplastyka) - R Dent\",\"isPartOf\":{\"@id\":\"https:\/\/r-dent.com.pl\/#website\"},\"datePublished\":\"2023-10-05T10:13:43+00:00\",\"dateModified\":\"2023-10-05T10:13:43+00:00\",\"breadcrumb\":{\"@id\":\"https:\/\/r-dent.com.pl\/?page_id=16#breadcrumb\"},\"inLanguage\":\"pl-PL\",\"potentialAction\":[{\"@type\":\"ReadAction\",\"target\":[\"https:\/\/r-dent.com.pl\/?page_id=16\"]}]},{\"@type\":\"BreadcrumbList\",\"@id\":\"https:\/\/r-dent.com.pl\/?page_id=16#breadcrumb\",\"itemListElement\":[{\"@type\":\"ListItem\",\"position\":1,\"name\":\"Strona g\u0142\u00f3wna\",\"item\":\"https:\/\/r-dent.com.pl\/\"},{\"@type\":\"ListItem\",\"position\":2,\"name\":\"PRZYGOTOWANIE POD LECZENIE PROTETYCZNE (Westibuloplastyka)\"}]},{\"@type\":\"WebSite\",\"@id\":\"https:\/\/r-dent.com.pl\/#website\",\"url\":\"https:\/\/r-dent.com.pl\/\",\"name\":\"R Dent\",\"description\":\"W trosce o zdrowie Twojej jamy ustnej!\",\"potentialAction\":[{\"@type\":\"SearchAction\",\"target\":{\"@type\":\"EntryPoint\",\"urlTemplate\":\"https:\/\/r-dent.com.pl\/?s={search_term_string}\"},\"query-input\":\"required name=search_term_string\"}],\"inLanguage\":\"pl-PL\"}]}<\/script>\n<!-- \/ Yoast SEO plugin. -->","yoast_head_json":{"title":"PRZYGOTOWANIE POD LECZENIE PROTETYCZNE (Westibuloplastyka) - R Dent","robots":{"index":"index","follow":"follow","max-snippet":"max-snippet:-1","max-image-preview":"max-image-preview:large","max-video-preview":"max-video-preview:-1"},"canonical":"https:\/\/r-dent.com.pl\/?page_id=16","og_locale":"pl_PL","og_type":"article","og_title":"PRZYGOTOWANIE POD LECZENIE PROTETYCZNE (Westibuloplastyka) - R Dent","og_description":"Westibuloplastyka, czyli\u00a0zabiegi plastyki przedsionka jamy ustnej, stosowane tak\u017ce jako post\u0119powanie chirurgiczne, kt\u00f3rego celem jest przygotowanie jamy ustnej pod leczenie protetyczne.Dzi\u0119ki odpowiedniemu chirurgicznemu ukszta\u0142towaniu tkanek zyskuje si\u0119: W zale\u017cno\u015bci od tego, jakie warunki panuj\u0105 w jamie ustnej pacjenta, wykonywane s\u0105 r\u00f3\u017cne rodzaje zabieg\u00f3w zaliczanych do westibuloplastyki. Nawisaj\u0105ca b\u0142ona \u015bluzowa mo\u017ce by\u0107 przemieszczana tak, by uzyska\u0107 pog\u0142\u0119bienie dna jamy ustnej lub rowka przedsionkowego (czyli przestrzeni zawartej pomi\u0119dzy wewn\u0119trznymi powierzchniami warg i policzk\u00f3w oraz zewn\u0119trznymi powierzchniami z\u0119b\u00f3w i dzi\u0105se\u0142 g\u00f3rnych i dolnych). By unikn\u0105\u0107 procesu, w kt\u00f3rym pog\u0142\u0119biony w ten spos\u00f3b rowek ulega na powr\u00f3t sp\u0142yceniu, stosuje si\u0119 r\u00f3\u017cne zapobiegawcze metody, w tym pogrubienie pobrze\u017ca dotychczas stosowanej protezy. P\u0142at b\u0142ony \u015bluzowej w zabiegu westibuloplastyki mo\u017ce te\u017c by\u0107 przemieszczony w ten spos\u00f3b r\u00f3wnie\u017c uzyskuje si\u0119 pog\u0142\u0119bienie rowka przedsionkowego &#8211; po to,&nbsp;by proteza pewniej i stabilniej trzyma\u0142a si\u0119 w jamie ustnej. W celu poprawy warunk\u00f3w panuj\u0105cych w jamie ustnej\u00a0stosuje si\u0119 te\u017c przeszczepy \u015bluz\u00f3wkowe lub sk\u00f3rne, kt\u00f3re przyszywa si\u0119 do ods\u0142oni\u0119tej uprzednio okostnej oraz do wolnego p\u0142ata \u015bluz\u00f3wki, uzyskuj\u0105c w ten spos\u00f3b pog\u0142\u0119bienie rowka przedsionkowego jamy ustnej.","og_url":"https:\/\/r-dent.com.pl\/?page_id=16","og_site_name":"R Dent","og_image":[{"url":"https:\/\/r-dent.com.pl\/wp-content\/uploads\/2023\/10\/protetyka-1.jpeg"}],"twitter_card":"summary_large_image","twitter_misc":{"Szacowany czas czytania":"2 minuty"},"schema":{"@context":"https:\/\/schema.org","@graph":[{"@type":"WebPage","@id":"https:\/\/r-dent.com.pl\/?page_id=16","url":"https:\/\/r-dent.com.pl\/?page_id=16","name":"PRZYGOTOWANIE POD LECZENIE PROTETYCZNE (Westibuloplastyka) - R Dent","isPartOf":{"@id":"https:\/\/r-dent.com.pl\/#website"},"datePublished":"2023-10-05T10:13:43+00:00","dateModified":"2023-10-05T10:13:43+00:00","breadcrumb":{"@id":"https:\/\/r-dent.com.pl\/?page_id=16#breadcrumb"},"inLanguage":"pl-PL","potentialAction":[{"@type":"ReadAction","target":["https:\/\/r-dent.com.pl\/?page_id=16"]}]},{"@type":"BreadcrumbList","@id":"https:\/\/r-dent.com.pl\/?page_id=16#breadcrumb","itemListElement":[{"@type":"ListItem","position":1,"name":"Strona g\u0142\u00f3wna","item":"https:\/\/r-dent.com.pl\/"},{"@type":"ListItem","position":2,"name":"PRZYGOTOWANIE POD LECZENIE PROTETYCZNE (Westibuloplastyka)"}]},{"@type":"WebSite","@id":"https:\/\/r-dent.com.pl\/#website","url":"https:\/\/r-dent.com.pl\/","name":"R Dent","description":"W trosce o zdrowie Twojej jamy ustnej!","potentialAction":[{"@type":"SearchAction","target":{"@type":"EntryPoint","urlTemplate":"https:\/\/r-dent.com.pl\/?s={search_term_string}"},"query-input":"required name=search_term_string"}],"inLanguage":"pl-PL"}]}},"jetpack_sharing_enabled":true,"jetpack-related-posts":[{"id":25,"url":"https:\/\/r-dent.com.pl\/?page_id=25","url_meta":{"origin":16,"position":0},"title":"Stomatologia","author":"Renata Kowalska","date":"5 pa\u017adziernika, 2023","format":false,"excerpt":"Nasza Poradnia Stomatologiczna zapewnia kompleksowy zakres us\u0142ug stomatologicznych, dbaj\u0105c przy tym o komfort wykonywanych zabieg\u00f3w.Prowadzimy ca\u0142kowite leczenie stomatologiczne dzieci, m\u0142odzie\u017cy jak i doros\u0142ych. Profilaktyka indywidualna konsultacja usuwanie osadu i kamienia skalerem ultrad\u017awi\u0119kowym piaskowanie i fluoryzacja z\u0119b\u00f3w instrukta\u017c higieny jamy ustnej ozonoterapia (leczenie ozonem) leczenie aft ozonem Chirurgia stomatologiczna usuni\u0119cia chirurgiczne\u2026","rel":"","context":"Similar post","block_context":{"text":"Similar post","link":""},"img":{"alt_text":"","src":"","width":0,"height":0},"classes":[]},{"id":22,"url":"https:\/\/r-dent.com.pl\/?page_id=22","url_meta":{"origin":16,"position":1},"title":"\u015aCI\u0104GANIE Z\u0118B\u00d3W ZATRZYMANYCH","author":"Renata Kowalska","date":"5 pa\u017adziernika, 2023","format":false,"excerpt":"Jest to element leczenia chirurgiczno-ortodontycznego, obejmuje\u00a0operacyjne ods\u0142oni\u0119cie z\u0119ba niewyrzni\u0119tego lub z\u0119ba zatrzymanego\u00a0oraz umieszczenie na powierzchni elementu ortodontycznego,\u00a0czego efektem jest prawid\u0142owe ustawienie z\u0119ba w zgryzie. Istnieje wiele metod chirurgicznych pozwalaj\u0105cych dotrze\u0107 do z\u0119ba w zale\u017cno\u015bci od jego wargowego lub podniebiennego po\u0142o\u017cenia wzgl\u0119dem s\u0105siednich z\u0119b\u00f3w. Jedn\u0105 z pierwszych i najprostszych, stosowanych przy\u2026","rel":"","context":"Similar post","block_context":{"text":"Similar post","link":""},"img":{"alt_text":"","src":"https:\/\/i0.wp.com\/r-dent.com.pl\/wp-content\/uploads\/2023\/10\/aparat-ortodontyczny-twin-block.jpg?resize=350%2C200&ssl=1","width":350,"height":200,"srcset":"https:\/\/i0.wp.com\/r-dent.com.pl\/wp-content\/uploads\/2023\/10\/aparat-ortodontyczny-twin-block.jpg?resize=350%2C200&ssl=1 1x, https:\/\/i0.wp.com\/r-dent.com.pl\/wp-content\/uploads\/2023\/10\/aparat-ortodontyczny-twin-block.jpg?resize=525%2C300&ssl=1 1.5x, https:\/\/i0.wp.com\/r-dent.com.pl\/wp-content\/uploads\/2023\/10\/aparat-ortodontyczny-twin-block.jpg?resize=700%2C400&ssl=1 2x, https:\/\/i0.wp.com\/r-dent.com.pl\/wp-content\/uploads\/2023\/10\/aparat-ortodontyczny-twin-block.jpg?resize=1050%2C600&ssl=1 3x"},"classes":[]},{"id":33,"url":"https:\/\/r-dent.com.pl\/","url_meta":{"origin":16,"position":2},"title":"Klinika Stomatologiczna Stankowscy-Bia\u0142ach","author":"Renata Kowalska","date":"5 pa\u017adziernika, 2023","format":false,"excerpt":"W klinice Stankowscy-Bia\u0142ach dbamy o zdrowie i estetyk\u0119 Twojego u\u015bmiechu. Nasz zesp\u00f3\u0142 do\u015bwiadczonych specjalist\u00f3w w po\u0142\u0105czeniu z nowoczesnymi technologiami zapewnia kompleksow\u0105 opiek\u0119 stomatologiczn\u0105 na najwy\u017cszym poziomie. Dlaczego My? Nasza misja - zdrowy u\u015bmiech na lata! Stawiamy na kompleksowe podej\u015bcie do Twojego zdrowia jamy ustnej. Nasz\u0105 misj\u0105 jest: Zdrowie i uroda\u2026","rel":"","context":"Similar post","block_context":{"text":"Similar post","link":""},"img":{"alt_text":"","src":"https:\/\/i0.wp.com\/r-dent.com.pl\/wp-content\/uploads\/2023\/10\/usmiech-i-zeby.jpg?resize=350%2C200&ssl=1","width":350,"height":200,"srcset":"https:\/\/i0.wp.com\/r-dent.com.pl\/wp-content\/uploads\/2023\/10\/usmiech-i-zeby.jpg?resize=350%2C200&ssl=1 1x, https:\/\/i0.wp.com\/r-dent.com.pl\/wp-content\/uploads\/2023\/10\/usmiech-i-zeby.jpg?resize=525%2C300&ssl=1 1.5x, https:\/\/i0.wp.com\/r-dent.com.pl\/wp-content\/uploads\/2023\/10\/usmiech-i-zeby.jpg?resize=700%2C400&ssl=1 2x"},"classes":[]},{"id":19,"url":"https:\/\/r-dent.com.pl\/?page_id=19","url_meta":{"origin":16,"position":3},"title":"Rodzaje aparat\u00f3w sta\u0142ych","author":"Renata Kowalska","date":"5 pa\u017adziernika, 2023","format":false,"excerpt":"metalowe - najcz\u0119\u015bciej stosowane dzielone s\u0105 na aparaty z zamkami tradycyjnymi i zamkami 'mini', czyli mniejszymi od poprzednich (szczeg\u00f3lnie wskazanymi u os\u00f3b z ma\u0142ymi z\u0119bami) antyalergiczne (nie zawieraj\u0105 niklu) dla pacjent\u00f3w alergicznych, wykonane s\u0105 ze stop\u00f3w tytan\u00f3w przez co wykazuj\u0105 wysok\u0105 biokompatybilno\u015b\u0107 estetyczne - ze wzgl\u0119du na przezierno\u015b\u0107 mo\u017cna je\u2026","rel":"","context":"Similar post","block_context":{"text":"Similar post","link":""},"img":{"alt_text":"","src":"https:\/\/i0.wp.com\/r-dent.com.pl\/wp-content\/uploads\/2023\/10\/Aparaty-ortodontyczne.jpg?resize=350%2C200&ssl=1","width":350,"height":200,"srcset":"https:\/\/i0.wp.com\/r-dent.com.pl\/wp-content\/uploads\/2023\/10\/Aparaty-ortodontyczne.jpg?resize=350%2C200&ssl=1 1x, https:\/\/i0.wp.com\/r-dent.com.pl\/wp-content\/uploads\/2023\/10\/Aparaty-ortodontyczne.jpg?resize=525%2C300&ssl=1 1.5x, https:\/\/i0.wp.com\/r-dent.com.pl\/wp-content\/uploads\/2023\/10\/Aparaty-ortodontyczne.jpg?resize=700%2C400&ssl=1 2x, https:\/\/i0.wp.com\/r-dent.com.pl\/wp-content\/uploads\/2023\/10\/Aparaty-ortodontyczne.jpg?resize=1050%2C600&ssl=1 3x, https:\/\/i0.wp.com\/r-dent.com.pl\/wp-content\/uploads\/2023\/10\/Aparaty-ortodontyczne.jpg?resize=1400%2C800&ssl=1 4x"},"classes":[]},{"id":13,"url":"https:\/\/r-dent.com.pl\/?page_id=13","url_meta":{"origin":16,"position":4},"title":"Ortodoncja","author":"Renata Kowalska","date":"5 pa\u017adziernika, 2023","format":false,"excerpt":"Leczenie ortodontyczne ma na celu popraw\u0119 estetyki, ale tak\u017ce jego zadaniem jest\u00a0usuni\u0119cie\u00a0powa\u017cnych konsekwencji wad zgryzu, takich jak: zaburzenia staw\u00f3w skroniowo-\u017cuchwowych, ods\u0142anianie si\u0119 szyjek z\u0119b\u00f3w,\u00a0 pr\u00f3chnica powstaj\u0105ca w wyniku gromadzenia si\u0119 p\u0142ytki naz\u0119bnej wok\u00f3\u0142 st\u0142oczonych z\u0119b\u00f3w, nieprawid\u0142owa wymowa. Obecnie dost\u0119pnych jest wiele rodzaj\u00f3w aparat\u00f3w ortodontycznych, ale og\u00f3lnie m\u00f3wi\u0105c dzieli si\u0119 je\u2026","rel":"","context":"Similar post","block_context":{"text":"Similar post","link":""},"img":{"alt_text":"","src":"https:\/\/i0.wp.com\/r-dent.com.pl\/wp-content\/uploads\/2023\/10\/aparat-ortodontyczny.jpg?resize=350%2C200&ssl=1","width":350,"height":200,"srcset":"https:\/\/i0.wp.com\/r-dent.com.pl\/wp-content\/uploads\/2023\/10\/aparat-ortodontyczny.jpg?resize=350%2C200&ssl=1 1x, https:\/\/i0.wp.com\/r-dent.com.pl\/wp-content\/uploads\/2023\/10\/aparat-ortodontyczny.jpg?resize=525%2C300&ssl=1 1.5x, https:\/\/i0.wp.com\/r-dent.com.pl\/wp-content\/uploads\/2023\/10\/aparat-ortodontyczny.jpg?resize=700%2C400&ssl=1 2x"},"classes":[]},{"id":27,"url":"https:\/\/r-dent.com.pl\/?page_id=27","url_meta":{"origin":16,"position":5},"title":"Stomatologia estetyczna","author":"Renata Kowalska","date":"5 pa\u017adziernika, 2023","format":false,"excerpt":"Czasami, aby odzyska\u0107 pi\u0119kny u\u015bmiech, wystarczy\u00a0wyleczy\u0107 ubytki pr\u00f3chnicowe\u00a0widoczne na z\u0119bach lub\u00a0wymieni\u0107 istniej\u0105ce nieestetyczne wype\u0142nienia. Niestety jednak przyjemno\u015bci takie jak kawa, herbata, palenie papieros\u00f3w, wino czy te\u017c potrawy o intensywnym zabarwieniu d\u0142ugo spo\u017cywane powoduj\u0105 znaczne zmiany w odcieniu Naszego uz\u0119bienia.\u00a0Wtedy z pomoc\u0105 spieszy stomatologia estetyczna.\u00a0W gabinecie mo\u017cemy skorzysta\u0107 z nast\u0119puj\u0105cych zabieg\u00f3w\u2026","rel":"","context":"Similar post","block_context":{"text":"Similar post","link":""},"img":{"alt_text":"","src":"","width":0,"height":0},"classes":[]}],"_links":{"self":[{"href":"https:\/\/r-dent.com.pl\/index.php?rest_route=\/wp\/v2\/pages\/16"}],"collection":[{"href":"https:\/\/r-dent.com.pl\/index.php?rest_route=\/wp\/v2\/pages"}],"about":[{"href":"https:\/\/r-dent.com.pl\/index.php?rest_route=\/wp\/v2\/types\/page"}],"author":[{"embeddable":true,"href":"https:\/\/r-dent.com.pl\/index.php?rest_route=\/wp\/v2\/users\/2"}],"replies":[{"embeddable":true,"href":"https:\/\/r-dent.com.pl\/index.php?rest_route=%2Fwp%2Fv2%2Fcomments&post=16"}],"version-history":[{"count":1,"href":"https:\/\/r-dent.com.pl\/index.php?rest_route=\/wp\/v2\/pages\/16\/revisions"}],"predecessor-version":[{"id":18,"href":"https:\/\/r-dent.com.pl\/index.php?rest_route=\/wp\/v2\/pages\/16\/revisions\/18"}],"wp:attachment":[{"href":"https:\/\/r-dent.com.pl\/index.php?rest_route=%2Fwp%2Fv2%2Fmedia&parent=16"}],"curies":[{"name":"wp","href":"https:\/\/api.w.org\/{rel}","templated":true}]}}