{"id":13,"date":"2023-10-05T10:09:50","date_gmt":"2023-10-05T10:09:50","guid":{"rendered":"https:\/\/r-dent.com.pl\/?page_id=13"},"modified":"2023-10-05T10:09:50","modified_gmt":"2023-10-05T10:09:50","slug":"ortodoncja","status":"publish","type":"page","link":"https:\/\/r-dent.com.pl\/?page_id=13","title":{"rendered":"Ortodoncja"},"content":{"rendered":"\n<p><a href=\"https:\/\/www.stankowscybialach.pl\/uslugi\/ortodoncja\/\">Leczenie ortodontyczne<\/a><strong> ma na celu popraw\u0119 estetyki<\/strong>, ale tak\u017ce jego zadaniem jest\u00a0<strong>usuni\u0119cie\u00a0powa\u017cnych konsekwencji <a href=\"https:\/\/www.stankowscybialach.pl\/uslugi\/wady-zgryzu\/\">wad zgryzu<\/a><\/strong>, takich jak:<\/p>\n\n\n\n<ul>\n<li>zaburzenia staw\u00f3w skroniowo-\u017cuchwowych,<\/li>\n\n\n\n<li>ods\u0142anianie si\u0119 szyjek z\u0119b\u00f3w,&nbsp;<\/li>\n\n\n\n<li><a href=\"https:\/\/www.stankowscybialach.pl\/uslugi\/prochnica\/\">pr\u00f3chnica<\/a> powstaj\u0105ca w wyniku gromadzenia si\u0119 p\u0142ytki naz\u0119bnej wok\u00f3\u0142 st\u0142oczonych z\u0119b\u00f3w,<\/li>\n\n\n\n<li>nieprawid\u0142owa wymowa.<\/li>\n<\/ul>\n\n\n<div class=\"wp-block-image\">\n<figure class=\"aligncenter size-full\"><img loading=\"lazy\" decoding=\"async\" width=\"800\" height=\"503\" src=\"https:\/\/i0.wp.com\/r-dent.com.pl\/wp-content\/uploads\/2023\/10\/aparat-ortodontyczny.jpg?resize=800%2C503&#038;ssl=1\" alt=\"\" class=\"wp-image-14\" srcset=\"https:\/\/i0.wp.com\/r-dent.com.pl\/wp-content\/uploads\/2023\/10\/aparat-ortodontyczny.jpg?w=800&amp;ssl=1 800w, https:\/\/i0.wp.com\/r-dent.com.pl\/wp-content\/uploads\/2023\/10\/aparat-ortodontyczny.jpg?resize=300%2C189&amp;ssl=1 300w, https:\/\/i0.wp.com\/r-dent.com.pl\/wp-content\/uploads\/2023\/10\/aparat-ortodontyczny.jpg?resize=768%2C483&amp;ssl=1 768w\" sizes=\"(max-width: 800px) 100vw, 800px\" data-recalc-dims=\"1\" \/><\/figure><\/div>\n\n\n<p>Obecnie dost\u0119pnych jest wiele rodzaj\u00f3w <a href=\"https:\/\/www.stankowscybialach.pl\/uslugi\/aparat-ortodontyczny\/\">aparat\u00f3w ortodontycznych<\/a>, ale og\u00f3lnie m\u00f3wi\u0105c dzieli si\u0119 je na dwa typy:\u00a0<strong>ruchome i sta\u0142e<\/strong>.<br>Typ zastosowanego aparatu zale\u017cy od:<\/p>\n\n\n\n<ul>\n<li>rodzaju wady,&nbsp;<\/li>\n\n\n\n<li>wieku pacjenta,&nbsp;<\/li>\n\n\n\n<li>higieny.&nbsp;<\/li>\n<\/ul>\n\n\n\n<p><strong>Leczenie ortodontyczne mo\u017cna podj\u0105\u0107 w ka\u017cdym wieku. Dzieci nosz\u0105 aparaty ruchome, a aparaty sta\u0142e m\u0142odzie\u017c i doro\u015bli.<\/strong><\/p>\n\n\n\n<p>Zmagasz si\u0119 z problemami ze zgryzem b\u0105d\u017a nie jeste\u015b pewien czy potrzebujesz<a href=\"https:\/\/www.stankowscybialach.pl\/uslugi\/aparat-ortodontyczny\/\"> aparatu ortodontycznego<\/a>?<a href=\"https:\/\/stomatologpoznan.prestigeclinic.pl\/kontakt\"> Skontaktuj si\u0119<\/a> ze <a href=\"https:\/\/www.stankowscybialach.pl\/zespol-ekspertow\/robert-bialach\/\">specjalist\u0105 z zakresu ortodoncji<\/a>\u00a0 z<a href=\"https:\/\/www.stankowscybialach.pl\/\"> kliniki stomatologicznej Stankowscy-Bia\u0142ach<\/a>! W ramach us\u0142ug<a href=\"https:\/\/www.stankowscybialach.pl\/uslugi\/ortodoncja\/\"> ortodoncja Pozna\u0144<\/a>, zadba on o stan Twojego uz\u0119bienia i przywr\u00f3ci mu pe\u0142n\u0105 funkcjonalno\u015b\u0107.<\/p>\n","protected":false},"excerpt":{"rendered":"<p>Leczenie ortodontyczne ma na celu popraw\u0119 estetyki, ale tak\u017ce jego zadaniem jest\u00a0usuni\u0119cie\u00a0powa\u017cnych konsekwencji wad zgryzu, takich jak: Obecnie dost\u0119pnych jest wiele rodzaj\u00f3w aparat\u00f3w ortodontycznych, ale og\u00f3lnie m\u00f3wi\u0105c dzieli si\u0119 je na dwa typy:\u00a0ruchome i sta\u0142e.Typ zastosowanego aparatu zale\u017cy od: Leczenie ortodontyczne mo\u017cna podj\u0105\u0107 w ka\u017cdym wieku. Dzieci nosz\u0105 aparaty ruchome, a aparaty sta\u0142e m\u0142odzie\u017c i doro\u015bli. Zmagasz si\u0119 z problemami ze zgryzem b\u0105d\u017a nie jeste\u015b pewien czy potrzebujesz aparatu ortodontycznego? Skontaktuj si\u0119 ze specjalist\u0105 z zakresu ortodoncji\u00a0 z kliniki stomatologicznej Stankowscy-Bia\u0142ach! W ramach us\u0142ug ortodoncja Pozna\u0144, zadba on o stan Twojego uz\u0119bienia i przywr\u00f3ci mu pe\u0142n\u0105 funkcjonalno\u015b\u0107.<\/p>\n","protected":false},"author":2,"featured_media":0,"parent":0,"menu_order":0,"comment_status":"closed","ping_status":"closed","template":"","meta":{"footnotes":""},"yoast_head":"<!-- This site is optimized with the Yoast SEO plugin v21.3 - https:\/\/yoast.com\/wordpress\/plugins\/seo\/ -->\n<title>Ortodoncja - R Dent<\/title>\n<meta name=\"robots\" content=\"index, follow, max-snippet:-1, max-image-preview:large, max-video-preview:-1\" \/>\n<link rel=\"canonical\" href=\"https:\/\/r-dent.com.pl\/?page_id=13\" \/>\n<meta property=\"og:locale\" content=\"pl_PL\" \/>\n<meta property=\"og:type\" content=\"article\" \/>\n<meta property=\"og:title\" content=\"Ortodoncja - R Dent\" \/>\n<meta property=\"og:description\" content=\"Leczenie ortodontyczne ma na celu popraw\u0119 estetyki, ale tak\u017ce jego zadaniem jest\u00a0usuni\u0119cie\u00a0powa\u017cnych konsekwencji wad zgryzu, takich jak: Obecnie dost\u0119pnych jest wiele rodzaj\u00f3w aparat\u00f3w ortodontycznych, ale og\u00f3lnie m\u00f3wi\u0105c dzieli si\u0119 je na dwa typy:\u00a0ruchome i sta\u0142e.Typ zastosowanego aparatu zale\u017cy od: Leczenie ortodontyczne mo\u017cna podj\u0105\u0107 w ka\u017cdym wieku. Dzieci nosz\u0105 aparaty ruchome, a aparaty sta\u0142e m\u0142odzie\u017c i doro\u015bli. Zmagasz si\u0119 z problemami ze zgryzem b\u0105d\u017a nie jeste\u015b pewien czy potrzebujesz aparatu ortodontycznego? Skontaktuj si\u0119 ze specjalist\u0105 z zakresu ortodoncji\u00a0 z kliniki stomatologicznej Stankowscy-Bia\u0142ach! W ramach us\u0142ug ortodoncja Pozna\u0144, zadba on o stan Twojego uz\u0119bienia i przywr\u00f3ci mu pe\u0142n\u0105 funkcjonalno\u015b\u0107.\" \/>\n<meta property=\"og:url\" content=\"https:\/\/r-dent.com.pl\/?page_id=13\" \/>\n<meta property=\"og:site_name\" content=\"R Dent\" \/>\n<meta property=\"og:image\" content=\"https:\/\/r-dent.com.pl\/wp-content\/uploads\/2023\/10\/aparat-ortodontyczny.jpg\" \/>\n<meta name=\"twitter:card\" content=\"summary_large_image\" \/>\n<meta name=\"twitter:label1\" content=\"Szacowany czas czytania\" \/>\n\t<meta name=\"twitter:data1\" content=\"1 minuta\" \/>\n<script type=\"application\/ld+json\" class=\"yoast-schema-graph\">{\"@context\":\"https:\/\/schema.org\",\"@graph\":[{\"@type\":\"WebPage\",\"@id\":\"https:\/\/r-dent.com.pl\/?page_id=13\",\"url\":\"https:\/\/r-dent.com.pl\/?page_id=13\",\"name\":\"Ortodoncja - R Dent\",\"isPartOf\":{\"@id\":\"https:\/\/r-dent.com.pl\/#website\"},\"datePublished\":\"2023-10-05T10:09:50+00:00\",\"dateModified\":\"2023-10-05T10:09:50+00:00\",\"breadcrumb\":{\"@id\":\"https:\/\/r-dent.com.pl\/?page_id=13#breadcrumb\"},\"inLanguage\":\"pl-PL\",\"potentialAction\":[{\"@type\":\"ReadAction\",\"target\":[\"https:\/\/r-dent.com.pl\/?page_id=13\"]}]},{\"@type\":\"BreadcrumbList\",\"@id\":\"https:\/\/r-dent.com.pl\/?page_id=13#breadcrumb\",\"itemListElement\":[{\"@type\":\"ListItem\",\"position\":1,\"name\":\"Strona g\u0142\u00f3wna\",\"item\":\"https:\/\/r-dent.com.pl\/\"},{\"@type\":\"ListItem\",\"position\":2,\"name\":\"Ortodoncja\"}]},{\"@type\":\"WebSite\",\"@id\":\"https:\/\/r-dent.com.pl\/#website\",\"url\":\"https:\/\/r-dent.com.pl\/\",\"name\":\"R Dent\",\"description\":\"W trosce o zdrowie Twojej jamy ustnej!\",\"potentialAction\":[{\"@type\":\"SearchAction\",\"target\":{\"@type\":\"EntryPoint\",\"urlTemplate\":\"https:\/\/r-dent.com.pl\/?s={search_term_string}\"},\"query-input\":\"required name=search_term_string\"}],\"inLanguage\":\"pl-PL\"}]}<\/script>\n<!-- \/ Yoast SEO plugin. -->","yoast_head_json":{"title":"Ortodoncja - R Dent","robots":{"index":"index","follow":"follow","max-snippet":"max-snippet:-1","max-image-preview":"max-image-preview:large","max-video-preview":"max-video-preview:-1"},"canonical":"https:\/\/r-dent.com.pl\/?page_id=13","og_locale":"pl_PL","og_type":"article","og_title":"Ortodoncja - R Dent","og_description":"Leczenie ortodontyczne ma na celu popraw\u0119 estetyki, ale tak\u017ce jego zadaniem jest\u00a0usuni\u0119cie\u00a0powa\u017cnych konsekwencji wad zgryzu, takich jak: Obecnie dost\u0119pnych jest wiele rodzaj\u00f3w aparat\u00f3w ortodontycznych, ale og\u00f3lnie m\u00f3wi\u0105c dzieli si\u0119 je na dwa typy:\u00a0ruchome i sta\u0142e.Typ zastosowanego aparatu zale\u017cy od: Leczenie ortodontyczne mo\u017cna podj\u0105\u0107 w ka\u017cdym wieku. Dzieci nosz\u0105 aparaty ruchome, a aparaty sta\u0142e m\u0142odzie\u017c i doro\u015bli. Zmagasz si\u0119 z problemami ze zgryzem b\u0105d\u017a nie jeste\u015b pewien czy potrzebujesz aparatu ortodontycznego? Skontaktuj si\u0119 ze specjalist\u0105 z zakresu ortodoncji\u00a0 z kliniki stomatologicznej Stankowscy-Bia\u0142ach! W ramach us\u0142ug ortodoncja Pozna\u0144, zadba on o stan Twojego uz\u0119bienia i przywr\u00f3ci mu pe\u0142n\u0105 funkcjonalno\u015b\u0107.","og_url":"https:\/\/r-dent.com.pl\/?page_id=13","og_site_name":"R Dent","og_image":[{"url":"https:\/\/r-dent.com.pl\/wp-content\/uploads\/2023\/10\/aparat-ortodontyczny.jpg"}],"twitter_card":"summary_large_image","twitter_misc":{"Szacowany czas czytania":"1 minuta"},"schema":{"@context":"https:\/\/schema.org","@graph":[{"@type":"WebPage","@id":"https:\/\/r-dent.com.pl\/?page_id=13","url":"https:\/\/r-dent.com.pl\/?page_id=13","name":"Ortodoncja - R Dent","isPartOf":{"@id":"https:\/\/r-dent.com.pl\/#website"},"datePublished":"2023-10-05T10:09:50+00:00","dateModified":"2023-10-05T10:09:50+00:00","breadcrumb":{"@id":"https:\/\/r-dent.com.pl\/?page_id=13#breadcrumb"},"inLanguage":"pl-PL","potentialAction":[{"@type":"ReadAction","target":["https:\/\/r-dent.com.pl\/?page_id=13"]}]},{"@type":"BreadcrumbList","@id":"https:\/\/r-dent.com.pl\/?page_id=13#breadcrumb","itemListElement":[{"@type":"ListItem","position":1,"name":"Strona g\u0142\u00f3wna","item":"https:\/\/r-dent.com.pl\/"},{"@type":"ListItem","position":2,"name":"Ortodoncja"}]},{"@type":"WebSite","@id":"https:\/\/r-dent.com.pl\/#website","url":"https:\/\/r-dent.com.pl\/","name":"R Dent","description":"W trosce o zdrowie Twojej jamy ustnej!","potentialAction":[{"@type":"SearchAction","target":{"@type":"EntryPoint","urlTemplate":"https:\/\/r-dent.com.pl\/?s={search_term_string}"},"query-input":"required name=search_term_string"}],"inLanguage":"pl-PL"}]}},"jetpack_sharing_enabled":true,"jetpack-related-posts":[{"id":33,"url":"https:\/\/r-dent.com.pl\/","url_meta":{"origin":13,"position":0},"title":"Klinika Stomatologiczna Stankowscy-Bia\u0142ach","author":"Renata Kowalska","date":"5 pa\u017adziernika, 2023","format":false,"excerpt":"W klinice Stankowscy-Bia\u0142ach dbamy o zdrowie i estetyk\u0119 Twojego u\u015bmiechu. Nasz zesp\u00f3\u0142 do\u015bwiadczonych specjalist\u00f3w w po\u0142\u0105czeniu z nowoczesnymi technologiami zapewnia kompleksow\u0105 opiek\u0119 stomatologiczn\u0105 na najwy\u017cszym poziomie. Dlaczego My? Nasza misja - zdrowy u\u015bmiech na lata! Stawiamy na kompleksowe podej\u015bcie do Twojego zdrowia jamy ustnej. Nasz\u0105 misj\u0105 jest: Zdrowie i uroda\u2026","rel":"","context":"Similar post","block_context":{"text":"Similar post","link":""},"img":{"alt_text":"","src":"https:\/\/i0.wp.com\/r-dent.com.pl\/wp-content\/uploads\/2023\/10\/usmiech-i-zeby.jpg?resize=350%2C200&ssl=1","width":350,"height":200,"srcset":"https:\/\/i0.wp.com\/r-dent.com.pl\/wp-content\/uploads\/2023\/10\/usmiech-i-zeby.jpg?resize=350%2C200&ssl=1 1x, https:\/\/i0.wp.com\/r-dent.com.pl\/wp-content\/uploads\/2023\/10\/usmiech-i-zeby.jpg?resize=525%2C300&ssl=1 1.5x, https:\/\/i0.wp.com\/r-dent.com.pl\/wp-content\/uploads\/2023\/10\/usmiech-i-zeby.jpg?resize=700%2C400&ssl=1 2x"},"classes":[]},{"id":22,"url":"https:\/\/r-dent.com.pl\/?page_id=22","url_meta":{"origin":13,"position":1},"title":"\u015aCI\u0104GANIE Z\u0118B\u00d3W ZATRZYMANYCH","author":"Renata Kowalska","date":"5 pa\u017adziernika, 2023","format":false,"excerpt":"Jest to element leczenia chirurgiczno-ortodontycznego, obejmuje\u00a0operacyjne ods\u0142oni\u0119cie z\u0119ba niewyrzni\u0119tego lub z\u0119ba zatrzymanego\u00a0oraz umieszczenie na powierzchni elementu ortodontycznego,\u00a0czego efektem jest prawid\u0142owe ustawienie z\u0119ba w zgryzie. Istnieje wiele metod chirurgicznych pozwalaj\u0105cych dotrze\u0107 do z\u0119ba w zale\u017cno\u015bci od jego wargowego lub podniebiennego po\u0142o\u017cenia wzgl\u0119dem s\u0105siednich z\u0119b\u00f3w. Jedn\u0105 z pierwszych i najprostszych, stosowanych przy\u2026","rel":"","context":"Similar post","block_context":{"text":"Similar post","link":""},"img":{"alt_text":"","src":"https:\/\/i0.wp.com\/r-dent.com.pl\/wp-content\/uploads\/2023\/10\/aparat-ortodontyczny-twin-block.jpg?resize=350%2C200&ssl=1","width":350,"height":200,"srcset":"https:\/\/i0.wp.com\/r-dent.com.pl\/wp-content\/uploads\/2023\/10\/aparat-ortodontyczny-twin-block.jpg?resize=350%2C200&ssl=1 1x, https:\/\/i0.wp.com\/r-dent.com.pl\/wp-content\/uploads\/2023\/10\/aparat-ortodontyczny-twin-block.jpg?resize=525%2C300&ssl=1 1.5x, https:\/\/i0.wp.com\/r-dent.com.pl\/wp-content\/uploads\/2023\/10\/aparat-ortodontyczny-twin-block.jpg?resize=700%2C400&ssl=1 2x, https:\/\/i0.wp.com\/r-dent.com.pl\/wp-content\/uploads\/2023\/10\/aparat-ortodontyczny-twin-block.jpg?resize=1050%2C600&ssl=1 3x"},"classes":[]},{"id":27,"url":"https:\/\/r-dent.com.pl\/?page_id=27","url_meta":{"origin":13,"position":2},"title":"Stomatologia estetyczna","author":"Renata Kowalska","date":"5 pa\u017adziernika, 2023","format":false,"excerpt":"Czasami, aby odzyska\u0107 pi\u0119kny u\u015bmiech, wystarczy\u00a0wyleczy\u0107 ubytki pr\u00f3chnicowe\u00a0widoczne na z\u0119bach lub\u00a0wymieni\u0107 istniej\u0105ce nieestetyczne wype\u0142nienia. Niestety jednak przyjemno\u015bci takie jak kawa, herbata, palenie papieros\u00f3w, wino czy te\u017c potrawy o intensywnym zabarwieniu d\u0142ugo spo\u017cywane powoduj\u0105 znaczne zmiany w odcieniu Naszego uz\u0119bienia.\u00a0Wtedy z pomoc\u0105 spieszy stomatologia estetyczna.\u00a0W gabinecie mo\u017cemy skorzysta\u0107 z nast\u0119puj\u0105cych zabieg\u00f3w\u2026","rel":"","context":"Similar post","block_context":{"text":"Similar post","link":""},"img":{"alt_text":"","src":"","width":0,"height":0},"classes":[]},{"id":25,"url":"https:\/\/r-dent.com.pl\/?page_id=25","url_meta":{"origin":13,"position":3},"title":"Stomatologia","author":"Renata Kowalska","date":"5 pa\u017adziernika, 2023","format":false,"excerpt":"Nasza Poradnia Stomatologiczna zapewnia kompleksowy zakres us\u0142ug stomatologicznych, dbaj\u0105c przy tym o komfort wykonywanych zabieg\u00f3w.Prowadzimy ca\u0142kowite leczenie stomatologiczne dzieci, m\u0142odzie\u017cy jak i doros\u0142ych. Profilaktyka indywidualna konsultacja usuwanie osadu i kamienia skalerem ultrad\u017awi\u0119kowym piaskowanie i fluoryzacja z\u0119b\u00f3w instrukta\u017c higieny jamy ustnej ozonoterapia (leczenie ozonem) leczenie aft ozonem Chirurgia stomatologiczna usuni\u0119cia chirurgiczne\u2026","rel":"","context":"Similar post","block_context":{"text":"Similar post","link":""},"img":{"alt_text":"","src":"","width":0,"height":0},"classes":[]},{"id":16,"url":"https:\/\/r-dent.com.pl\/?page_id=16","url_meta":{"origin":13,"position":4},"title":"PRZYGOTOWANIE POD LECZENIE PROTETYCZNE (Westibuloplastyka)","author":"Renata Kowalska","date":"5 pa\u017adziernika, 2023","format":false,"excerpt":"Westibuloplastyka, czyli\u00a0zabiegi plastyki przedsionka jamy ustnej, stosowane tak\u017ce jako post\u0119powanie chirurgiczne, kt\u00f3rego celem jest przygotowanie jamy ustnej pod leczenie protetyczne.Dzi\u0119ki odpowiedniemu chirurgicznemu ukszta\u0142towaniu tkanek zyskuje si\u0119: wi\u0119cej miejsca na protezy, lepsze umocowanie uzupe\u0142nienia w jamie ustnej, lepsze warunki do bardziej efektywnego wykorzystania funkcjonalno\u015bci protezy. W zale\u017cno\u015bci od tego, jakie warunki\u2026","rel":"","context":"Similar post","block_context":{"text":"Similar post","link":""},"img":{"alt_text":"","src":"https:\/\/i0.wp.com\/r-dent.com.pl\/wp-content\/uploads\/2023\/10\/protetyka-1.jpeg?resize=350%2C200&ssl=1","width":350,"height":200,"srcset":"https:\/\/i0.wp.com\/r-dent.com.pl\/wp-content\/uploads\/2023\/10\/protetyka-1.jpeg?resize=350%2C200&ssl=1 1x, https:\/\/i0.wp.com\/r-dent.com.pl\/wp-content\/uploads\/2023\/10\/protetyka-1.jpeg?resize=525%2C300&ssl=1 1.5x, https:\/\/i0.wp.com\/r-dent.com.pl\/wp-content\/uploads\/2023\/10\/protetyka-1.jpeg?resize=700%2C400&ssl=1 2x"},"classes":[]},{"id":29,"url":"https:\/\/r-dent.com.pl\/?page_id=29","url_meta":{"origin":13,"position":5},"title":"Kontakt","author":"Renata Kowalska","date":"5 pa\u017adziernika, 2023","format":false,"excerpt":"Stomatolog Szczecin Sanadent Specjalistyczna Praktyka Implantologiczna tel. 660 416 444 71-123 Szczecin, ul. Witkiewicza 45c E-mail: biuro@sanadent.pl Strona internetowa:\u00a0www.sanadent.pl Godziny otwarcia:\u00a0poniedzia\u0142ek \u2013 pi\u0105tek:\u00a09 -18,\u00a0sobota:\u00a0po uzgodnieniu Stomatologia Pozna\u0144 Stomatologia Stankowscy-Bia\u0142ach 518 327 667 Pon. \u2013 Pt.: 8:00 \u2013 20:00 61 653 38 02 Pon. \u2013 Pt.: 8:00 \u2013 20:00 rejestracja@stankowscybialach.pl E-mail\u2026","rel":"","context":"Similar post","block_context":{"text":"Similar post","link":""},"img":{"alt_text":"","src":"","width":0,"height":0},"classes":[]}],"_links":{"self":[{"href":"https:\/\/r-dent.com.pl\/index.php?rest_route=\/wp\/v2\/pages\/13"}],"collection":[{"href":"https:\/\/r-dent.com.pl\/index.php?rest_route=\/wp\/v2\/pages"}],"about":[{"href":"https:\/\/r-dent.com.pl\/index.php?rest_route=\/wp\/v2\/types\/page"}],"author":[{"embeddable":true,"href":"https:\/\/r-dent.com.pl\/index.php?rest_route=\/wp\/v2\/users\/2"}],"replies":[{"embeddable":true,"href":"https:\/\/r-dent.com.pl\/index.php?rest_route=%2Fwp%2Fv2%2Fcomments&post=13"}],"version-history":[{"count":1,"href":"https:\/\/r-dent.com.pl\/index.php?rest_route=\/wp\/v2\/pages\/13\/revisions"}],"predecessor-version":[{"id":15,"href":"https:\/\/r-dent.com.pl\/index.php?rest_route=\/wp\/v2\/pages\/13\/revisions\/15"}],"wp:attachment":[{"href":"https:\/\/r-dent.com.pl\/index.php?rest_route=%2Fwp%2Fv2%2Fmedia&parent=13"}],"curies":[{"name":"wp","href":"https:\/\/api.w.org\/{rel}","templated":true}]}}